{"id":5529,"date":"2023-09-19T18:18:21","date_gmt":"2023-09-19T18:18:21","guid":{"rendered":"https:\/\/alternativas.co\/crea\/?page_id=5529"},"modified":"2023-09-20T02:48:23","modified_gmt":"2023-09-20T02:48:23","slug":"trabaja-con-nosotros","status":"publish","type":"page","link":"https:\/\/creafuturoseguros.com\/index.php\/trabaja-con-nosotros\/","title":{"rendered":"Trabaja con nosotros"},"content":{"rendered":"<section class=\"wpb-content-wrapper\"><p>[vc_row full_width=\u00bbstretch_row\u00bb equal_height=\u00bbyes\u00bb sm_spacing=\u00bbpadding_top:30;padding_bottom:30&#8243; lg_spacing=\u00bbpadding_bottom:40&#8243; xs_spacing=\u00bbpadding_top:20;padding_bottom:40&#8243;][vc_column offset=\u00bbvc_col-md-6&#8243;][tm_spacer size=\u00bbxs:0;lg:40&#8243;][tm_heading style=\u00bbleft-line\u00bb custom_google_font=\u00bb\u00bb max_width=\u00bb540px\u00bb]\u00bfQuieres unirte a <mark>nuestro equipo<\/mark>?[\/tm_heading][tm_spacer size=\u00bbsm:40;lg:40&#8243;][tm_heading tag=\u00bbdiv\u00bb custom_google_font=\u00bb\u00bb font_weight=\u00bb400&#8243; xs_align=\u00bbleft\u00bb font_size=\u00bblg:18&#8243; line_height=\u00bb1.67&#8243; css=\u00bb.vc_custom_1695151054669{margin-left: 34px !important;}\u00bb]Post\u00falate aqu\u00ed y nos pondremos en contacto contigo para continuar el proceso de selecci\u00f3n de acuerdo con nuestras ofertas de empleo activas.[\/tm_heading][\/vc_column][vc_column offset=\u00bbvc_col-md-6&#8243;][tm_spacer size=\u00bbxs:60&#8243;][tm_image image=\u00bb5544&#8243;][tm_spacer size=\u00bbxs:10;lg:40&#8243;][\/vc_column][\/vc_row][vc_row][vc_column][tm_spacer size=\u00bblg:30&#8243;][tm_contact_form_7 id=\u00bb5534&#8243;][tm_spacer size=\u00bbsm:40&#8243;][tm_spacer size=\u00bbsm:40&#8243;][\/vc_column][\/vc_row][vc_row lg_spacing=\u00bbpadding_top:29&#8243; gutter=\u00bbxs:1;sm:2;lg:4&#8243;][vc_column width=\u00bb1\/4&#8243;][\/vc_column][vc_column width=\u00bb1\/4&#8243;][tm_spacer size=\u00bbsm:40;lg:40&#8243;][tm_heading custom_google_font=\u00bb\u00bb font_size=\u00bbsm:18;md:21;lg:24&#8243; line_height=\u00bb1.25&#8243;]Medell\u00edn, Colombia[\/tm_heading][tm_spacer size=\u00bblg:19&#8243;][tm_heading tag=\u00bbdiv\u00bb custom_google_font=\u00bb\u00bb css=\u00bb.vc_custom_1688482204139{margin-bottom: 5px !important;}\u00bb]Calle 11a 41 &#8211; 44[\/tm_heading][tm_heading tag=\u00bbdiv\u00bb custom_google_font=\u00bb\u00bb google_fonts=\u00bbfont_family:Poppins%3A300%2Cregular%2C500%2C600%2C700|font_style:400%20regular%3A400%3Anormal\u00bb text_color=\u00bbprimary\u00bb hover_text_color=\u00bbsecondary\u00bb css=\u00bb.vc_custom_1693327547608{margin-bottom: 5px !important;}\u00bb font_size=\u00bblg:14&#8243;]<a href=\"mailto:ymontoya@creafuturoseguros.com.co\">ymontoya@creafuturoseguros.com.co<\/a>[\/tm_heading][tm_heading tag=\u00bbdiv\u00bb custom_google_font=\u00bb\u00bb font_weight=\u00bb700&#8243; text_color=\u00bbcustom\u00bb custom_text_color=\u00bb#696969&#8243; hover_text_color=\u00bbprimary\u00bb css=\u00bb.vc_custom_1693328222665{margin-bottom: 5px !important;}\u00bb]<a href=\"https:\/\/api.whatsapp.com\/send\/?phone=%2B573006525373&#038;text&#038;type=phone_number&#038;app_absent=0_blank\">300 652 5373<\/a>[\/tm_heading][tm_spacer size=\u00bblg:10&#8243;][\/vc_column][vc_column width=\u00bb1\/4&#8243;][tm_spacer size=\u00bbsm:40;lg:40&#8243;][tm_heading custom_google_font=\u00bb\u00bb font_size=\u00bbsm:18;md:21;lg:24&#8243; line_height=\u00bb1.25&#8243;]Envigado, Colombia[\/tm_heading][tm_spacer size=\u00bblg:19&#8243;][tm_heading tag=\u00bbdiv\u00bb custom_google_font=\u00bb\u00bb css=\u00bb.vc_custom_1688482213832{margin-bottom: 5px !important;}\u00bb]Carrera 43 N\u00b0 38 sur 35[\/tm_heading][tm_heading tag=\u00bbdiv\u00bb custom_google_font=\u00bb\u00bb google_fonts=\u00bbfont_family:Poppins%3A300%2Cregular%2C500%2C600%2C700|font_style:400%20regular%3A400%3Anormal\u00bb text_color=\u00bbprimary\u00bb hover_text_color=\u00bbsecondary\u00bb css=\u00bb.vc_custom_1693327622245{margin-bottom: 5px !important;}\u00bb font_size=\u00bblg:14&#8243;]<a href=\"mailto:andrea.mesa@creafuturoseguros.com.co\">andrea.mesa@creafuturoseguros.com.co<\/a>[\/tm_heading][tm_heading tag=\u00bbdiv\u00bb custom_google_font=\u00bb\u00bb font_weight=\u00bb700&#8243; text_color=\u00bbcustom\u00bb custom_text_color=\u00bb#696969&#8243; hover_text_color=\u00bbprimary\u00bb css=\u00bb.vc_custom_1693328330731{margin-bottom: 5px !important;}\u00bb]<a href=\"https:\/\/api.whatsapp.com\/send\/?phone=%2B573147967212&#038;text&#038;type=phone_number&#038;app_absent=0 _blank\">314 796 7212<\/a>[\/tm_heading][tm_spacer size=\u00bblg:10&#8243;][\/vc_column][vc_column width=\u00bb1\/4&#8243;][\/vc_column][\/vc_row]<\/p>\n<\/section>","protected":false},"excerpt":{"rendered":"<p>[vc_row full_width=\u00bbstretch_row\u00bb equal_height=\u00bbyes\u00bb sm_spacing=\u00bbpadding_top:30;padding_bottom:30&#8243; lg_spacing=\u00bbpadding_bottom:40&#8243; xs_spacing=\u00bbpadding_top:20;padding_bottom:40&#8243;][vc_column offset=\u00bbvc_col-md-6&#8243;][tm_spacer size=\u00bbxs:0;lg:40&#8243;][tm_heading style=\u00bbleft-line\u00bb custom_google_font=\u00bb\u00bb max_width=\u00bb540px\u00bb]\u00bfQuieres unirte a nuestro equipo?[\/tm_heading][tm_spacer size=\u00bbsm:40;lg:40&#8243;][tm_heading tag=\u00bbdiv\u00bb custom_google_font=\u00bb\u00bb font_weight=\u00bb400&#8243; xs_align=\u00bbleft\u00bb font_size=\u00bblg:18&#8243; line_height=\u00bb1.67&#8243; css=\u00bb.vc_custom_1695151054669{margin-left: 34px !important;}\u00bb]Post\u00falate aqu\u00ed y nos pondremos en contacto contigo para continuar el proceso de selecci\u00f3n de acuerdo con nuestras ofertas de empleo activas.[\/tm_heading][\/vc_column][vc_column offset=\u00bbvc_col-md-6&#8243;][tm_spacer size=\u00bbxs:60&#8243;][tm_image image=\u00bb5544&#8243;][tm_spacer size=\u00bbxs:10;lg:40&#8243;][\/vc_column][\/vc_row][vc_row][vc_column][tm_spacer size=\u00bblg:30&#8243;][tm_contact_form_7 id=\u00bb5534&#8243;][tm_spacer size=\u00bbsm:40&#8243;][tm_spacer size=\u00bbsm:40&#8243;][\/vc_column][\/vc_row][vc_row lg_spacing=\u00bbpadding_top:29&#8243; gutter=\u00bbxs:1;sm:2;lg:4&#8243;][vc_column width=\u00bb1\/4&#8243;][\/vc_column][vc_column width=\u00bb1\/4&#8243;][tm_spacer size=\u00bbsm:40;lg:40&#8243;][tm_heading custom_google_font=\u00bb\u00bb font_size=\u00bbsm:18;md:21;lg:24&#8243; line_height=\u00bb1.25&#8243;]Medell\u00edn, Colombia[\/tm_heading][tm_spacer size=\u00bblg:19&#8243;][tm_heading tag=\u00bbdiv\u00bb custom_google_font=\u00bb\u00bb css=\u00bb.vc_custom_1688482204139{margin-bottom: 5px !important;}\u00bb]Calle 11a 41 &#8211; 44[\/tm_heading][tm_heading tag=\u00bbdiv\u00bb custom_google_font=\u00bb\u00bb google_fonts=\u00bbfont_family:Poppins%3A300%2Cregular%2C500%2C600%2C700|font_style:400%20regular%3A400%3Anormal\u00bb text_color=\u00bbprimary\u00bb hover_text_color=\u00bbsecondary\u00bb css=\u00bb.vc_custom_1693327547608{margin-bottom: 5px !important;}\u00bb font_size=\u00bblg:14&#8243;]ymontoya@creafuturoseguros.com.co[\/tm_heading][tm_heading tag=\u00bbdiv\u00bb custom_google_font=\u00bb\u00bb font_weight=\u00bb700&#8243; text_color=\u00bbcustom\u00bb custom_text_color=\u00bb#696969&#8243; hover_text_color=\u00bbprimary\u00bb css=\u00bb.vc_custom_1693328222665{margin-bottom: 5px !important;}\u00bb]300 652 5373[\/tm_heading][tm_spacer size=\u00bblg:10&#8243;][\/vc_column][vc_column width=\u00bb1\/4&#8243;][tm_spacer size=\u00bbsm:40;lg:40&#8243;][tm_heading custom_google_font=\u00bb\u00bb font_size=\u00bbsm:18;md:21;lg:24&#8243; line_height=\u00bb1.25&#8243;]Envigado, Colombia[\/tm_heading][tm_spacer size=\u00bblg:19&#8243;][tm_heading tag=\u00bbdiv\u00bb custom_google_font=\u00bb\u00bb css=\u00bb.vc_custom_1688482213832{margin-bottom: 5px !important;}\u00bb]Carrera 43 N\u00b0 38 sur 35[\/tm_heading][tm_heading tag=\u00bbdiv\u00bb custom_google_font=\u00bb\u00bb google_fonts=\u00bbfont_family:Poppins%3A300%2Cregular%2C500%2C600%2C700|font_style:400%20regular%3A400%3Anormal\u00bb text_color=\u00bbprimary\u00bb hover_text_color=\u00bbsecondary\u00bb css=\u00bb.vc_custom_1693327622245{margin-bottom: 5px !important;}\u00bb font_size=\u00bblg:14&#8243;]andrea.mesa@creafuturoseguros.com.co[\/tm_heading][tm_heading tag=\u00bbdiv\u00bb custom_google_font=\u00bb\u00bb font_weight=\u00bb700&#8243; text_color=\u00bbcustom\u00bb custom_text_color=\u00bb#696969&#8243; hover_text_color=\u00bbprimary\u00bb css=\u00bb.vc_custom_1693328330731{margin-bottom: 5px !important;}\u00bb]314 796 7212[\/tm_heading][tm_spacer size=\u00bblg:10&#8243;][\/vc_column][vc_column width=\u00bb1\/4&#8243;][\/vc_column][\/vc_row]<\/p>\n","protected":false},"author":1,"featured_media":0,"parent":0,"menu_order":0,"comment_status":"closed","ping_status":"closed","template":"","meta":{"footnotes":""},"class_list":["post-5529","page","type-page","status-publish","hentry","post-no-thumbnail"],"yoast_head":"<!-- This site is optimized with the Yoast SEO plugin v27.5 - https:\/\/yoast.com\/product\/yoast-seo-wordpress\/ -->\n<title>Trabaja con nosotros - Crea Futuro<\/title>\n<meta name=\"robots\" content=\"index, follow, max-snippet:-1, max-image-preview:large, max-video-preview:-1\" \/>\n<link rel=\"canonical\" href=\"https:\/\/creafuturoseguros.com\/index.php\/trabaja-con-nosotros\/\" \/>\n<meta property=\"og:locale\" content=\"es_ES\" \/>\n<meta property=\"og:type\" content=\"article\" \/>\n<meta property=\"og:title\" content=\"Trabaja con nosotros - Crea Futuro\" \/>\n<meta property=\"og:description\" content=\"[vc_row full_width=\u00bbstretch_row\u00bb equal_height=\u00bbyes\u00bb sm_spacing=\u00bbpadding_top:30;padding_bottom:30&#8243; lg_spacing=\u00bbpadding_bottom:40&#8243; xs_spacing=\u00bbpadding_top:20;padding_bottom:40&#8243;][vc_column offset=\u00bbvc_col-md-6&#8243;][tm_spacer size=\u00bbxs:0;lg:40&#8243;][tm_heading style=\u00bbleft-line\u00bb custom_google_font=\u00bb\u00bb max_width=\u00bb540px\u00bb]\u00bfQuieres unirte a nuestro equipo?[\/tm_heading][tm_spacer size=\u00bbsm:40;lg:40&#8243;][tm_heading tag=\u00bbdiv\u00bb custom_google_font=\u00bb\u00bb font_weight=\u00bb400&#8243; xs_align=\u00bbleft\u00bb font_size=\u00bblg:18&#8243; line_height=\u00bb1.67&#8243; css=\u00bb.vc_custom_1695151054669{margin-left: 34px !important;}\u00bb]Post\u00falate aqu\u00ed y nos pondremos en contacto contigo para continuar el proceso de selecci\u00f3n de acuerdo con nuestras ofertas de empleo activas.[\/tm_heading][\/vc_column][vc_column offset=\u00bbvc_col-md-6&#8243;][tm_spacer size=\u00bbxs:60&#8243;][tm_image image=\u00bb5544&#8243;][tm_spacer size=\u00bbxs:10;lg:40&#8243;][\/vc_column][\/vc_row][vc_row][vc_column][tm_spacer size=\u00bblg:30&#8243;][tm_contact_form_7 id=\u00bb5534&#8243;][tm_spacer size=\u00bbsm:40&#8243;][tm_spacer size=\u00bbsm:40&#8243;][\/vc_column][\/vc_row][vc_row lg_spacing=\u00bbpadding_top:29&#8243; gutter=\u00bbxs:1;sm:2;lg:4&#8243;][vc_column width=\u00bb1\/4&#8243;][\/vc_column][vc_column width=\u00bb1\/4&#8243;][tm_spacer size=\u00bbsm:40;lg:40&#8243;][tm_heading custom_google_font=\u00bb\u00bb font_size=\u00bbsm:18;md:21;lg:24&#8243; line_height=\u00bb1.25&#8243;]Medell\u00edn, Colombia[\/tm_heading][tm_spacer size=\u00bblg:19&#8243;][tm_heading tag=\u00bbdiv\u00bb custom_google_font=\u00bb\u00bb css=\u00bb.vc_custom_1688482204139{margin-bottom: 5px !important;}\u00bb]Calle 11a 41 &#8211; 44[\/tm_heading][tm_heading tag=\u00bbdiv\u00bb custom_google_font=\u00bb\u00bb google_fonts=\u00bbfont_family:Poppins%3A300%2Cregular%2C500%2C600%2C700|font_style:400%20regular%3A400%3Anormal\u00bb text_color=\u00bbprimary\u00bb hover_text_color=\u00bbsecondary\u00bb css=\u00bb.vc_custom_1693327547608{margin-bottom: 5px !important;}\u00bb font_size=\u00bblg:14&#8243;]ymontoya@creafuturoseguros.com.co[\/tm_heading][tm_heading tag=\u00bbdiv\u00bb custom_google_font=\u00bb\u00bb font_weight=\u00bb700&#8243; text_color=\u00bbcustom\u00bb custom_text_color=\u00bb#696969&#8243; hover_text_color=\u00bbprimary\u00bb css=\u00bb.vc_custom_1693328222665{margin-bottom: 5px !important;}\u00bb]300 652 5373[\/tm_heading][tm_spacer size=\u00bblg:10&#8243;][\/vc_column][vc_column width=\u00bb1\/4&#8243;][tm_spacer size=\u00bbsm:40;lg:40&#8243;][tm_heading custom_google_font=\u00bb\u00bb font_size=\u00bbsm:18;md:21;lg:24&#8243; line_height=\u00bb1.25&#8243;]Envigado, Colombia[\/tm_heading][tm_spacer size=\u00bblg:19&#8243;][tm_heading tag=\u00bbdiv\u00bb custom_google_font=\u00bb\u00bb css=\u00bb.vc_custom_1688482213832{margin-bottom: 5px !important;}\u00bb]Carrera 43 N\u00b0 38 sur 35[\/tm_heading][tm_heading tag=\u00bbdiv\u00bb custom_google_font=\u00bb\u00bb google_fonts=\u00bbfont_family:Poppins%3A300%2Cregular%2C500%2C600%2C700|font_style:400%20regular%3A400%3Anormal\u00bb text_color=\u00bbprimary\u00bb hover_text_color=\u00bbsecondary\u00bb css=\u00bb.vc_custom_1693327622245{margin-bottom: 5px !important;}\u00bb font_size=\u00bblg:14&#8243;]andrea.mesa@creafuturoseguros.com.co[\/tm_heading][tm_heading tag=\u00bbdiv\u00bb custom_google_font=\u00bb\u00bb font_weight=\u00bb700&#8243; text_color=\u00bbcustom\u00bb custom_text_color=\u00bb#696969&#8243; hover_text_color=\u00bbprimary\u00bb css=\u00bb.vc_custom_1693328330731{margin-bottom: 5px !important;}\u00bb]314 796 7212[\/tm_heading][tm_spacer size=\u00bblg:10&#8243;][\/vc_column][vc_column width=\u00bb1\/4&#8243;][\/vc_column][\/vc_row]\" \/>\n<meta property=\"og:url\" content=\"https:\/\/creafuturoseguros.com\/index.php\/trabaja-con-nosotros\/\" \/>\n<meta property=\"og:site_name\" content=\"Crea Futuro\" \/>\n<meta property=\"article:modified_time\" content=\"2023-09-20T02:48:23+00:00\" \/>\n<meta name=\"twitter:card\" content=\"summary_large_image\" \/>\n<meta name=\"twitter:label1\" content=\"Tiempo de lectura\" \/>\n\t<meta name=\"twitter:data1\" content=\"1 minuto\" \/>\n<script type=\"application\/ld+json\" class=\"yoast-schema-graph\">{\"@context\":\"https:\\\/\\\/schema.org\",\"@graph\":[{\"@type\":\"WebPage\",\"@id\":\"https:\\\/\\\/creafuturoseguros.com\\\/index.php\\\/trabaja-con-nosotros\\\/\",\"url\":\"https:\\\/\\\/creafuturoseguros.com\\\/index.php\\\/trabaja-con-nosotros\\\/\",\"name\":\"Trabaja con nosotros - Crea Futuro\",\"isPartOf\":{\"@id\":\"https:\\\/\\\/creafuturoseguros.com\\\/#website\"},\"datePublished\":\"2023-09-19T18:18:21+00:00\",\"dateModified\":\"2023-09-20T02:48:23+00:00\",\"breadcrumb\":{\"@id\":\"https:\\\/\\\/creafuturoseguros.com\\\/index.php\\\/trabaja-con-nosotros\\\/#breadcrumb\"},\"inLanguage\":\"es\",\"potentialAction\":[{\"@type\":\"ReadAction\",\"target\":[\"https:\\\/\\\/creafuturoseguros.com\\\/index.php\\\/trabaja-con-nosotros\\\/\"]}]},{\"@type\":\"BreadcrumbList\",\"@id\":\"https:\\\/\\\/creafuturoseguros.com\\\/index.php\\\/trabaja-con-nosotros\\\/#breadcrumb\",\"itemListElement\":[{\"@type\":\"ListItem\",\"position\":1,\"name\":\"Portada\",\"item\":\"https:\\\/\\\/creafuturoseguros.com\\\/\"},{\"@type\":\"ListItem\",\"position\":2,\"name\":\"Trabaja con nosotros\"}]},{\"@type\":\"WebSite\",\"@id\":\"https:\\\/\\\/creafuturoseguros.com\\\/#website\",\"url\":\"https:\\\/\\\/creafuturoseguros.com\\\/\",\"name\":\"Crea Futuro\",\"description\":\"\",\"potentialAction\":[{\"@type\":\"SearchAction\",\"target\":{\"@type\":\"EntryPoint\",\"urlTemplate\":\"https:\\\/\\\/creafuturoseguros.com\\\/?s={search_term_string}\"},\"query-input\":{\"@type\":\"PropertyValueSpecification\",\"valueRequired\":true,\"valueName\":\"search_term_string\"}}],\"inLanguage\":\"es\"}]}<\/script>\n<!-- \/ Yoast SEO plugin. -->","yoast_head_json":{"title":"Trabaja con nosotros - Crea Futuro","robots":{"index":"index","follow":"follow","max-snippet":"max-snippet:-1","max-image-preview":"max-image-preview:large","max-video-preview":"max-video-preview:-1"},"canonical":"https:\/\/creafuturoseguros.com\/index.php\/trabaja-con-nosotros\/","og_locale":"es_ES","og_type":"article","og_title":"Trabaja con nosotros - Crea Futuro","og_description":"[vc_row full_width=\u00bbstretch_row\u00bb equal_height=\u00bbyes\u00bb sm_spacing=\u00bbpadding_top:30;padding_bottom:30&#8243; lg_spacing=\u00bbpadding_bottom:40&#8243; xs_spacing=\u00bbpadding_top:20;padding_bottom:40&#8243;][vc_column offset=\u00bbvc_col-md-6&#8243;][tm_spacer size=\u00bbxs:0;lg:40&#8243;][tm_heading style=\u00bbleft-line\u00bb custom_google_font=\u00bb\u00bb max_width=\u00bb540px\u00bb]\u00bfQuieres unirte a nuestro equipo?[\/tm_heading][tm_spacer size=\u00bbsm:40;lg:40&#8243;][tm_heading tag=\u00bbdiv\u00bb custom_google_font=\u00bb\u00bb font_weight=\u00bb400&#8243; xs_align=\u00bbleft\u00bb font_size=\u00bblg:18&#8243; line_height=\u00bb1.67&#8243; css=\u00bb.vc_custom_1695151054669{margin-left: 34px !important;}\u00bb]Post\u00falate aqu\u00ed y nos pondremos en contacto contigo para continuar el proceso de selecci\u00f3n de acuerdo con nuestras ofertas de empleo activas.[\/tm_heading][\/vc_column][vc_column offset=\u00bbvc_col-md-6&#8243;][tm_spacer size=\u00bbxs:60&#8243;][tm_image image=\u00bb5544&#8243;][tm_spacer size=\u00bbxs:10;lg:40&#8243;][\/vc_column][\/vc_row][vc_row][vc_column][tm_spacer size=\u00bblg:30&#8243;][tm_contact_form_7 id=\u00bb5534&#8243;][tm_spacer size=\u00bbsm:40&#8243;][tm_spacer size=\u00bbsm:40&#8243;][\/vc_column][\/vc_row][vc_row lg_spacing=\u00bbpadding_top:29&#8243; gutter=\u00bbxs:1;sm:2;lg:4&#8243;][vc_column width=\u00bb1\/4&#8243;][\/vc_column][vc_column width=\u00bb1\/4&#8243;][tm_spacer size=\u00bbsm:40;lg:40&#8243;][tm_heading custom_google_font=\u00bb\u00bb font_size=\u00bbsm:18;md:21;lg:24&#8243; line_height=\u00bb1.25&#8243;]Medell\u00edn, Colombia[\/tm_heading][tm_spacer size=\u00bblg:19&#8243;][tm_heading tag=\u00bbdiv\u00bb custom_google_font=\u00bb\u00bb css=\u00bb.vc_custom_1688482204139{margin-bottom: 5px !important;}\u00bb]Calle 11a 41 &#8211; 44[\/tm_heading][tm_heading tag=\u00bbdiv\u00bb custom_google_font=\u00bb\u00bb google_fonts=\u00bbfont_family:Poppins%3A300%2Cregular%2C500%2C600%2C700|font_style:400%20regular%3A400%3Anormal\u00bb text_color=\u00bbprimary\u00bb hover_text_color=\u00bbsecondary\u00bb css=\u00bb.vc_custom_1693327547608{margin-bottom: 5px !important;}\u00bb font_size=\u00bblg:14&#8243;]ymontoya@creafuturoseguros.com.co[\/tm_heading][tm_heading tag=\u00bbdiv\u00bb custom_google_font=\u00bb\u00bb font_weight=\u00bb700&#8243; text_color=\u00bbcustom\u00bb custom_text_color=\u00bb#696969&#8243; hover_text_color=\u00bbprimary\u00bb css=\u00bb.vc_custom_1693328222665{margin-bottom: 5px !important;}\u00bb]300 652 5373[\/tm_heading][tm_spacer size=\u00bblg:10&#8243;][\/vc_column][vc_column width=\u00bb1\/4&#8243;][tm_spacer size=\u00bbsm:40;lg:40&#8243;][tm_heading custom_google_font=\u00bb\u00bb font_size=\u00bbsm:18;md:21;lg:24&#8243; line_height=\u00bb1.25&#8243;]Envigado, Colombia[\/tm_heading][tm_spacer size=\u00bblg:19&#8243;][tm_heading tag=\u00bbdiv\u00bb custom_google_font=\u00bb\u00bb css=\u00bb.vc_custom_1688482213832{margin-bottom: 5px !important;}\u00bb]Carrera 43 N\u00b0 38 sur 35[\/tm_heading][tm_heading tag=\u00bbdiv\u00bb custom_google_font=\u00bb\u00bb google_fonts=\u00bbfont_family:Poppins%3A300%2Cregular%2C500%2C600%2C700|font_style:400%20regular%3A400%3Anormal\u00bb text_color=\u00bbprimary\u00bb hover_text_color=\u00bbsecondary\u00bb css=\u00bb.vc_custom_1693327622245{margin-bottom: 5px !important;}\u00bb font_size=\u00bblg:14&#8243;]andrea.mesa@creafuturoseguros.com.co[\/tm_heading][tm_heading tag=\u00bbdiv\u00bb custom_google_font=\u00bb\u00bb font_weight=\u00bb700&#8243; text_color=\u00bbcustom\u00bb custom_text_color=\u00bb#696969&#8243; hover_text_color=\u00bbprimary\u00bb css=\u00bb.vc_custom_1693328330731{margin-bottom: 5px !important;}\u00bb]314 796 7212[\/tm_heading][tm_spacer size=\u00bblg:10&#8243;][\/vc_column][vc_column width=\u00bb1\/4&#8243;][\/vc_column][\/vc_row]","og_url":"https:\/\/creafuturoseguros.com\/index.php\/trabaja-con-nosotros\/","og_site_name":"Crea Futuro","article_modified_time":"2023-09-20T02:48:23+00:00","twitter_card":"summary_large_image","twitter_misc":{"Tiempo de lectura":"1 minuto"},"schema":{"@context":"https:\/\/schema.org","@graph":[{"@type":"WebPage","@id":"https:\/\/creafuturoseguros.com\/index.php\/trabaja-con-nosotros\/","url":"https:\/\/creafuturoseguros.com\/index.php\/trabaja-con-nosotros\/","name":"Trabaja con nosotros - Crea Futuro","isPartOf":{"@id":"https:\/\/creafuturoseguros.com\/#website"},"datePublished":"2023-09-19T18:18:21+00:00","dateModified":"2023-09-20T02:48:23+00:00","breadcrumb":{"@id":"https:\/\/creafuturoseguros.com\/index.php\/trabaja-con-nosotros\/#breadcrumb"},"inLanguage":"es","potentialAction":[{"@type":"ReadAction","target":["https:\/\/creafuturoseguros.com\/index.php\/trabaja-con-nosotros\/"]}]},{"@type":"BreadcrumbList","@id":"https:\/\/creafuturoseguros.com\/index.php\/trabaja-con-nosotros\/#breadcrumb","itemListElement":[{"@type":"ListItem","position":1,"name":"Portada","item":"https:\/\/creafuturoseguros.com\/"},{"@type":"ListItem","position":2,"name":"Trabaja con nosotros"}]},{"@type":"WebSite","@id":"https:\/\/creafuturoseguros.com\/#website","url":"https:\/\/creafuturoseguros.com\/","name":"Crea Futuro","description":"","potentialAction":[{"@type":"SearchAction","target":{"@type":"EntryPoint","urlTemplate":"https:\/\/creafuturoseguros.com\/?s={search_term_string}"},"query-input":{"@type":"PropertyValueSpecification","valueRequired":true,"valueName":"search_term_string"}}],"inLanguage":"es"}]}},"_links":{"self":[{"href":"https:\/\/creafuturoseguros.com\/index.php\/wp-json\/wp\/v2\/pages\/5529","targetHints":{"allow":["GET"]}}],"collection":[{"href":"https:\/\/creafuturoseguros.com\/index.php\/wp-json\/wp\/v2\/pages"}],"about":[{"href":"https:\/\/creafuturoseguros.com\/index.php\/wp-json\/wp\/v2\/types\/page"}],"author":[{"embeddable":true,"href":"https:\/\/creafuturoseguros.com\/index.php\/wp-json\/wp\/v2\/users\/1"}],"replies":[{"embeddable":true,"href":"https:\/\/creafuturoseguros.com\/index.php\/wp-json\/wp\/v2\/comments?post=5529"}],"version-history":[{"count":22,"href":"https:\/\/creafuturoseguros.com\/index.php\/wp-json\/wp\/v2\/pages\/5529\/revisions"}],"predecessor-version":[{"id":5626,"href":"https:\/\/creafuturoseguros.com\/index.php\/wp-json\/wp\/v2\/pages\/5529\/revisions\/5626"}],"wp:attachment":[{"href":"https:\/\/creafuturoseguros.com\/index.php\/wp-json\/wp\/v2\/media?parent=5529"}],"curies":[{"name":"wp","href":"https:\/\/api.w.org\/{rel}","templated":true}]}}